{"id":79,"date":"2020-03-16T11:05:32","date_gmt":"2020-03-16T11:05:32","guid":{"rendered":"https:\/\/demosites.io\/amadeus-gb\/?page_id=79"},"modified":"2025-09-10T02:32:37","modified_gmt":"2025-09-10T02:32:37","slug":"14d9b-about-me","status":"publish","type":"page","link":"https:\/\/daugiaquocthinh.com\/?page_id=79","title":{"rendered":"About me"},"content":{"rendered":"\n<div id=\"wp-block-themeisle-blocks-advanced-columns-ec4448a2\" class=\"wp-block-themeisle-blocks-advanced-columns alignfull has-1-columns has-desktop-equal-layout has-tablet-equal-layout has-mobile-equal-layout has-vertical-unset\"><div class=\"wp-block-themeisle-blocks-advanced-columns-overlay\"><\/div><div class=\"innerblocks-wrap\">\n<div id=\"wp-block-themeisle-blocks-advanced-column-86b2dd45\" class=\"wp-block-themeisle-blocks-advanced-column\">\n<h1 id=\"wp-block-themeisle-blocks-advanced-heading-8fe52bf0\" class=\"wp-block-themeisle-blocks-advanced-heading wp-block-themeisle-blocks-advanced-heading-8fe52bf0\"> V\u1ec1 ch\u00fang t\u00f4i<\/h1>\n<\/div>\n<\/div><\/div>\n\n\n\n<div id=\"wp-block-themeisle-blocks-advanced-columns-0e8dbf18\" class=\"wp-block-themeisle-blocks-advanced-columns alignfull has-1-columns has-desktop-equal-layout has-tablet-equal-layout has-mobile-equal-layout has-vertical-unset\"><div class=\"wp-block-themeisle-blocks-advanced-columns-overlay\"><\/div><div class=\"innerblocks-wrap\">\n<div id=\"wp-block-themeisle-blocks-advanced-column-c6dbe184\" class=\"wp-block-themeisle-blocks-advanced-column\">\n<p>Doanh nghi\u1ec7p \u0111\u1ea5u gi\u00e1 t\u01b0 nh\u00e2n Qu\u1ed1c Th\u1ecbnh l\u00e0 \u0111\u01a1n v\u1ecb c\u00f3 ch\u1ee9c n\u0103ng: T\u1ed5 ch\u1ee9c cu\u1ed9c \u0111\u1ea5u gi\u00e1 t\u00e0i s\u1ea3n, \u0111\u1ea5u gi\u00e1 quy\u1ec1n s\u1eed d\u1ee5ng \u0111\u1ea5t v\u00e0 \u0111\u00e3 t\u1ed5 ch\u1ee9c nhi\u1ec1u cu\u1ed9c \u0111\u1ea5u gi\u00e1.<\/p>\n\n\n\n<p>\u0110\u1ea1i di\u1ec7n ph\u00e1p lu\u1eadt: <strong>Nguy\u1ec5n Qu\u1ed1c Th\u1ecbnh,&nbsp;&nbsp;&nbsp;&nbsp;&nbsp; <\/strong>Ch\u1ee9c danh: <strong>Ch\u1ee7 Doanh nghi\u1ec7p<\/strong><\/p>\n\n\n\n<p>\u0110\u1ecba ch\u1ec9: L\u00f4 20-6 \u0111\u01b0\u1eddng Nguy\u1ec5n B\u00ednh, khu \u0111\u00f4 th\u1ecb m\u1edbi An Ph\u00fa Th\u1ecbnh, ph\u01b0\u1eddng Quy Nh\u01a1n, t\u1ec9nh Gia Lai.<\/p>\n\n\n\n<p>M\u00e3 s\u1ed1 thu\u1ebf: <strong>4101542373<\/strong><\/p>\n\n\n\n<p>\u0110i\u1ec7n tho\u1ea1i: 0911292557; 0905824457<\/p>\n\n\n\n<p>Email: <a href=\"mailto:quocthinhnguyen67@yahoo.com.vn\">quocthinhnguyen67@yahoo.com.vn<\/a> &#8211; C\u00e1c ng\u00e0nh ngh\u1ec1 kinh doanh: D\u1ecbch v\u1ee5 \u0111\u1ea5u gi\u00e1 t\u00e0i s\u1ea3n, d\u1ecbch v\u1ee5 t\u01b0 v\u1ea5n, \u0111\u1ea5u gi\u00e1 b\u1ea5t \u0111\u1ed9ng s\u1ea3n, \u0111\u1ea5u gi\u00e1 quy\u1ec1n s\u1eed d\u1ee5ng \u0111\u1ea5t<\/p>\n<\/div>\n<\/div><\/div>\n\n\n\n<div id=\"wp-block-themeisle-blocks-advanced-columns-e7cc8f9e\" class=\"wp-block-themeisle-blocks-advanced-columns alignfull has-2-columns has-desktop-equal-layout has-tablet-equal-layout has-mobile-collapsedRows-layout has-vertical-unset\"><div class=\"wp-block-themeisle-blocks-advanced-columns-overlay\"><\/div><div class=\"innerblocks-wrap\">\n<div id=\"wp-block-themeisle-blocks-advanced-column-47e06479\" class=\"wp-block-themeisle-blocks-advanced-column\">\n<h2 id=\"wp-block-themeisle-blocks-advanced-heading-144cc538\" class=\"wp-block-themeisle-blocks-advanced-heading wp-block-themeisle-blocks-advanced-heading-144cc538\"> 2021 <\/h2>\n\n\n\n<p>\u0110\u00e3 th\u1ef1c hi\u1ec7n nhi\u1ec1u H\u1ee3p \u0111\u1ed3ng \u0111\u1ea5u gi\u00e1 t\u00e0i s\u1ea3n v\u00e0 \u0111\u1ea5u gi\u00e1 quy\u1ec1n s\u1eed d\u1ee5ng \u0111\u1ea5t \u1edf do Trung t\u00e2m Ph\u00e1t tri\u1ec3n qu\u1ef9 \u0111\u1ea5t t\u1ec9nh B\u00ecnh \u0110\u1ecbnh \u0111\u1ea1i di\u1ec7n ch\u1ee7 \u0111\u1ea7u t\u01b0; Ban Gi\u1ea3i ph\u00f3ng m\u1eb7t b\u1eb1ng t\u1ec9nh B\u00ecnh \u0110\u1ecbnh \u0111\u1ea1i di\u1ec7n ch\u1ee7 \u0111\u1ea7u t\u01b0, Trung t\u00e2m ph\u00e1t tri\u1ec3n qu\u1ef9 \u0111\u1ea5t c\u00e1c huy\u1ec7n Tuy Ph\u01b0\u1edbc, huy\u1ec7n Ho\u00e0i Nh\u01a1n, huy\u1ec7n T\u00e2y S\u01a1n, huy\u1ec7n Ho\u00e0i \u00c2n, huy\u1ec7n An L\u00e3o, huy\u1ec7n Ph\u00f9 M\u1ef9 \u0111\u1ea1i di\u1ec7n ch\u1ee7 \u0111\u1ea7u t\u01b0<\/p>\n\n\n\n<div style=\"height:20px\" aria-hidden=\"true\" class=\"wp-block-spacer\"><\/div>\n\n\n\n<figure class=\"wp-block-image size-full\"><img loading=\"lazy\" decoding=\"async\" width=\"400\" height=\"225\" src=\"https:\/\/daugiaquocthinh.com\/wp-content\/uploads\/2022\/04\/Resize-of-daugiataisan.jpg\" alt=\"\" class=\"wp-image-147\" srcset=\"https:\/\/daugiaquocthinh.com\/wp-content\/uploads\/2022\/04\/Resize-of-daugiataisan.jpg 400w, https:\/\/daugiaquocthinh.com\/wp-content\/uploads\/2022\/04\/Resize-of-daugiataisan-300x169.jpg 300w\" sizes=\"auto, (max-width: 400px) 100vw, 400px\" \/><\/figure>\n<\/div>\n\n\n\n<div id=\"wp-block-themeisle-blocks-advanced-column-7d717593\" class=\"wp-block-themeisle-blocks-advanced-column\">\n<figure class=\"wp-block-image size-full\"><img loading=\"lazy\" decoding=\"async\" width=\"646\" height=\"344\" src=\"https:\/\/daugiaquocthinh.com\/wp-content\/uploads\/2022\/04\/Dich-vu-tu-van-thu-tuc-dau-gia-quyen-su-dung-dat-1.jpg\" alt=\"\" class=\"wp-image-182\" srcset=\"https:\/\/daugiaquocthinh.com\/wp-content\/uploads\/2022\/04\/Dich-vu-tu-van-thu-tuc-dau-gia-quyen-su-dung-dat-1.jpg 646w, https:\/\/daugiaquocthinh.com\/wp-content\/uploads\/2022\/04\/Dich-vu-tu-van-thu-tuc-dau-gia-quyen-su-dung-dat-1-300x160.jpg 300w\" sizes=\"auto, (max-width: 646px) 100vw, 646px\" \/><\/figure>\n\n\n\n<div style=\"height:20px\" aria-hidden=\"true\" class=\"wp-block-spacer\"><\/div>\n\n\n\n<p>Ri\u00eang \u0111\u1ed1i v\u1edbi n\u0103m 2021, Doanh nghi\u1ec7p ch\u00fang t\u00f4i \u0111\u00e3 th\u1ef1c hi\u1ec7n t\u1ed5 ch\u1ee9c <strong>03<\/strong> H\u1ee3p \u0111\u1ed3ng v\u00e0 01 h\u1ee3p \u0111\u1ed3ng s\u1eeda \u0111\u1ed5i b\u1ed5 sung h\u1ee3p \u0111\u1ed3ng d\u1ecbch v\u1ee5 \u0111\u1ea5u gi\u00e1 quy\u1ec1n s\u1eed d\u1ee5ng \u0111\u1ea5t, \u0111\u1ea1i di\u1ec7n ch\u1ee7 \u0111\u1ea7u t\u01b0 l\u00e0 Ban qu\u1ea3n l\u00fd d\u1ef1 \u00e1n c\u00f4ng tr\u00ecnh x\u00e2y d\u1ef1ng v\u00e0 Ph\u00e1t tri\u1ec3n qu\u1ef9 \u0111\u1ea5t huy\u1ec7n Ph\u00f9 M\u1ef9<\/p>\n<\/div>\n<\/div><\/div>\n\n\n\n<div id=\"wp-block-themeisle-blocks-advanced-columns-b4b8c701\" class=\"wp-block-themeisle-blocks-advanced-columns alignfull has-3-columns has-desktop-equal-layout has-tablet-equal-layout has-mobile-collapsedRows-layout has-vertical-unset\"><div class=\"wp-block-themeisle-blocks-advanced-columns-overlay\"><\/div><div class=\"innerblocks-wrap\">\n<div id=\"wp-block-themeisle-blocks-advanced-column-d6c56728\" class=\"wp-block-themeisle-blocks-advanced-column\">\n<h2 id=\"wp-block-themeisle-blocks-advanced-heading-2fee5542\" class=\"wp-block-themeisle-blocks-advanced-heading wp-block-themeisle-blocks-advanced-heading-2fee5542\">165<\/h2>\n\n\n\n<h4 id=\"wp-block-themeisle-blocks-advanced-heading-f511837f\" class=\"wp-block-themeisle-blocks-advanced-heading wp-block-themeisle-blocks-advanced-heading-f511837f\"><strong>H\u1ee3p \u0111\u1ed3ng<\/strong> <\/h4>\n<\/div>\n\n\n\n<div id=\"wp-block-themeisle-blocks-advanced-column-05aad9f6\" class=\"wp-block-themeisle-blocks-advanced-column\">\n<h2 id=\"wp-block-themeisle-blocks-advanced-heading-a905ed8a\" class=\"wp-block-themeisle-blocks-advanced-heading wp-block-themeisle-blocks-advanced-heading-a905ed8a\">14<\/h2>\n\n\n\n<h4 id=\"wp-block-themeisle-blocks-advanced-heading-9827a93d\" class=\"wp-block-themeisle-blocks-advanced-heading wp-block-themeisle-blocks-advanced-heading-9827a93d\"> YEARS OF EXPERIENCE<br><br>  <\/h4>\n<\/div>\n\n\n\n<div id=\"wp-block-themeisle-blocks-advanced-column-d6d2b603\" class=\"wp-block-themeisle-blocks-advanced-column\">\n<h2 id=\"wp-block-themeisle-blocks-advanced-heading-76759f7d\" class=\"wp-block-themeisle-blocks-advanced-heading wp-block-themeisle-blocks-advanced-heading-76759f7d\">3236+ <\/h2>\n\n\n\n<h4 id=\"wp-block-themeisle-blocks-advanced-heading-f61e0fb9\" class=\"wp-block-themeisle-blocks-advanced-heading wp-block-themeisle-blocks-advanced-heading-f61e0fb9\">t\u00e0i s\u1ea3n <\/h4>\n<\/div>\n<\/div><\/div>\n\n\n\n<div id=\"wp-block-themeisle-blocks-advanced-columns-e4efb57f\" class=\"wp-block-themeisle-blocks-advanced-columns alignfull has-2-columns has-desktop-equal-layout has-tablet-equal-layout has-mobile-collapsedRows-layout has-vertical-unset\"><div class=\"wp-block-themeisle-blocks-advanced-columns-overlay\"><\/div><div class=\"innerblocks-wrap\">\n<div id=\"wp-block-themeisle-blocks-advanced-column-e0972b84\" class=\"wp-block-themeisle-blocks-advanced-column\">\n<h2 id=\"wp-block-themeisle-blocks-advanced-heading-46c0a7fe\" class=\"wp-block-themeisle-blocks-advanced-heading wp-block-themeisle-blocks-advanced-heading-46c0a7fe\">C\u01a1 s\u1edf ph\u00e1p l\u00fd<\/h2>\n\n\n\n<p class=\"has-nv-site-bg-color has-text-color has-small-font-size\">Gi\u1ea5y \u0110\u0103ng k\u00fd ho\u1ea1t \u0111\u1ed9ng c\u1ee7a Doanh nghi\u1ec7p \u0111\u1ea5u gi\u00e1 t\u00e0i s\u1ea3n s\u1ed1: 03\/TP-\u0110KH\u0110 do s\u1edf T\u01b0 ph\u00e1p t\u1ec9nh B\u00ecnh \u0110\u1ecbnh c\u1ea5p ng\u00e0y 08\/4\/2019,<\/p>\n\n\n\n<p class=\"has-nv-site-bg-color has-text-color has-small-font-size\"> Quy\u1ebft \u0111\u1ecbnh s\u1ed1: 39\/Q\u0110- STP ng\u00e0y 08\/4\/2019 v\u1ec1 vi\u1ec7c c\u1ea5p Gi\u1ea5y \u0111\u0103ng l\u00fd ho\u1ea1t \u0111\u1ed9ng cho Doanh nghi\u1ec7p \u0111\u1ea5u gi\u00e1 t\u00e0i s\u1ea3n th\u00e0nh l\u1eadp tr\u01b0\u1edbc ng\u00e0y Lu\u1eadt \u0111\u1ea5u gi\u00e1 t\u00e0i s\u1ea3n c\u00f3 hi\u1ec7u l\u1ef1c thi h\u00e0nh chuy\u1ec3n \u0111\u1ed5i to\u00e0n b\u1ed9 ho\u1ea1t \u0111\u1ed9ng c\u1ee7a Doanh nghi\u1ec7p,<\/p>\n\n\n\n<p class=\"has-nv-site-bg-color has-text-color has-small-font-size\">Ch\u1ee9ng ch\u1ec9 h\u00e0nh ngh\u1ec1 \u0111\u1ea5u gi\u00e1 s\u1ed1: 89\/TP\/\u0110G-CCHN do B\u1ed9 T\u01b0 ph\u00e1p c\u1ea5p ng\u00e0y 31\/3\/2011 c\u1ee7a \u00f4ng Nguy\u1ec5n Qu\u1ed1c Th\u1ecbnh,<\/p>\n\n\n\n<p class=\"has-nv-site-bg-color has-text-color has-small-font-size\">Th\u1ebb \u0111\u1ea5u gi\u00e1 vi\u00ean s\u1ed1: 01\/\u0110GV do S\u1edf T\u01b0 ph\u00e1p B\u00ecnh \u0110\u1ecbnh c\u1ea5p ng\u00e0y 17\/4\/2019,<\/p>\n\n\n\n<p class=\"has-nv-site-bg-color has-text-color has-small-font-size\">Ch\u1ee9ng ch\u1ec9 h\u00e0nh ngh\u1ec1 \u0111\u1ea5u gi\u00e1 s\u1ed1: 1899\/TP\/\u0110G-CCHN do B\u1ed9 T\u01b0 ph\u00e1p c\u1ea5p ng\u00e0y 21\/6\/2017 c\u1ee7a b\u00e0 Nguy\u1ec5n Th\u1ecb Ki\u1ec1u Vi\u1ec7t. &#8211; Th\u1ebb \u0111\u1ea5u gi\u00e1 vi\u00ean s\u1ed1: 02\/\u0110GV do S\u1edf T\u01b0 ph\u00e1p B\u00ecnh \u0110\u1ecbnh c\u1ea5p ng\u00e0y 17\/4\/2019<\/p>\n\n\n\n<div style=\"height:20px\" aria-hidden=\"true\" class=\"wp-block-spacer\"><\/div>\n\n\n\n<div id=\"wp-block-themeisle-blocks-button-group-deb9cd93\" class=\"wp-block-themeisle-blocks-button-group wp-block-buttons align-left\">\n<div id=\"wp-block-themeisle-blocks-button-d5bac5b8\" class=\"wp-block-themeisle-blocks-button wp-block-button\"><a target=\"_self\" rel=\"noopener noreferrer\" class=\"wp-block-button__link\"><span><\/span><\/a><\/div>\n<\/div>\n<\/div>\n\n\n\n<div id=\"wp-block-themeisle-blocks-advanced-column-0ae31669\" class=\"wp-block-themeisle-blocks-advanced-column\"><\/div>\n<\/div><\/div>\n\n\n\n<div id=\"wp-block-themeisle-blocks-advanced-columns-8f5b04ec\" class=\"wp-block-themeisle-blocks-advanced-columns alignfull has-1-columns has-desktop-equal-layout has-tablet-equal-layout has-mobile-equal-layout has-vertical-unset\"><div class=\"wp-block-themeisle-blocks-advanced-columns-overlay\"><\/div><div class=\"innerblocks-wrap\">\n<div id=\"wp-block-themeisle-blocks-advanced-column-598abffc\" class=\"wp-block-themeisle-blocks-advanced-column\">\n<h4 id=\"wp-block-themeisle-blocks-advanced-heading-fa55b415\" class=\"wp-block-themeisle-blocks-advanced-heading wp-block-themeisle-blocks-advanced-heading-fa55b415\"> <strong>SECTION OVERLINE<\/strong> <\/h4>\n\n\n\n<h2 id=\"wp-block-themeisle-blocks-advanced-heading-21b41a38\" class=\"wp-block-themeisle-blocks-advanced-heading wp-block-themeisle-blocks-advanced-heading-21b41a38\"> D\u1ecbch v\u1ee5<\/h2>\n<\/div>\n<\/div><\/div>\n\n\n\n<div id=\"wp-block-themeisle-blocks-advanced-columns-9eb0a56b\" class=\"wp-block-themeisle-blocks-advanced-columns alignwide has-4-columns has-desktop-equal-layout has-tablet-equal-layout has-mobile-collapsedRows-layout has-vertical-top\"><div class=\"wp-block-themeisle-blocks-advanced-columns-overlay\"><\/div><div class=\"innerblocks-wrap\">\n<div id=\"wp-block-themeisle-blocks-advanced-column-c12b8d4f\" class=\"wp-block-themeisle-blocks-advanced-column\">\n<div class=\"wp-block-themeisle-blocks-service\">\n<p id=\"wp-block-themeisle-blocks-font-awesome-icons-628053d3\" class=\"wp-block-themeisle-blocks-font-awesome-icons\"><span class=\"wp-block-themeisle-blocks-font-awesome-icons-container\"><i class=\"fas fa-music\"><\/i><\/span><\/p>\n\n\n\n<h3 id=\"wp-block-themeisle-blocks-advanced-heading-b6d0ee97\" class=\"wp-block-themeisle-blocks-advanced-heading wp-block-themeisle-blocks-advanced-heading-b6d0ee97\">\u0110\u1ea5u gi\u00e1 t\u00e0i s\u1ea3n  <br><\/h3>\n\n\n\n<p id=\"wp-block-themeisle-blocks-advanced-heading-c56062ac\" class=\"wp-block-themeisle-blocks-advanced-heading wp-block-themeisle-blocks-advanced-heading-c56062ac\"> <\/p>\n\n\n\n<div id=\"wp-block-themeisle-blocks-button-group-ecb0672a\" class=\"wp-block-themeisle-blocks-button-group wp-block-buttons align-center\">\n<div id=\"wp-block-themeisle-blocks-button-80983202\" class=\"wp-block-themeisle-blocks-button wp-block-button\"><a href=\"#\" target=\"_self\" rel=\"noopener noreferrer\" class=\"wp-block-button__link\"><span>MORE DETAILS<\/span><\/a><\/div>\n<\/div>\n<\/div>\n<\/div>\n\n\n\n<div id=\"wp-block-themeisle-blocks-advanced-column-a40d06e3\" class=\"wp-block-themeisle-blocks-advanced-column\">\n<p id=\"wp-block-themeisle-blocks-font-awesome-icons-b1f73e03\" class=\"wp-block-themeisle-blocks-font-awesome-icons\"><span class=\"wp-block-themeisle-blocks-font-awesome-icons-container\"><i class=\"fas fa-guitar\"><\/i><\/span><\/p>\n\n\n\n<h3 id=\"wp-block-themeisle-blocks-advanced-heading-a801bc10\" class=\"wp-block-themeisle-blocks-advanced-heading wp-block-themeisle-blocks-advanced-heading-a801bc10\"> T\u01b0 v\u1ea5n<br><\/h3>\n\n\n\n<p id=\"wp-block-themeisle-blocks-advanced-heading-1f4359b6\" class=\"wp-block-themeisle-blocks-advanced-heading wp-block-themeisle-blocks-advanced-heading-1f4359b6\"><\/p>\n\n\n\n<div id=\"wp-block-themeisle-blocks-button-group-6777492c\" class=\"wp-block-themeisle-blocks-button-group wp-block-buttons align-center\">\n<div id=\"wp-block-themeisle-blocks-button-546776c9\" class=\"wp-block-themeisle-blocks-button wp-block-button\"><a href=\"#\" target=\"_self\" rel=\"noopener noreferrer\" class=\"wp-block-button__link\"><span>MORE DETAILS<\/span><\/a><\/div>\n<\/div>\n<\/div>\n\n\n\n<div id=\"wp-block-themeisle-blocks-advanced-column-fd01f09b\" class=\"wp-block-themeisle-blocks-advanced-column\">\n<p id=\"wp-block-themeisle-blocks-font-awesome-icons-19736c05\" class=\"wp-block-themeisle-blocks-font-awesome-icons\"><span class=\"wp-block-themeisle-blocks-font-awesome-icons-container\"><i class=\"fas fa-child\"><\/i><\/span><\/p>\n\n\n\n<h3 id=\"wp-block-themeisle-blocks-advanced-heading-34370322\" class=\"wp-block-themeisle-blocks-advanced-heading wp-block-themeisle-blocks-advanced-heading-34370322\"> \u0111\u1ea5u gi\u00e1 b\u1ea5t \u0111\u1ed9ng s\u1ea3n<\/h3>\n\n\n\n<p id=\"wp-block-themeisle-blocks-advanced-heading-0bd25f9b\" class=\"wp-block-themeisle-blocks-advanced-heading wp-block-themeisle-blocks-advanced-heading-0bd25f9b\"> <\/p>\n\n\n\n<div id=\"wp-block-themeisle-blocks-button-group-45486ded\" class=\"wp-block-themeisle-blocks-button-group wp-block-buttons align-center\">\n<div id=\"wp-block-themeisle-blocks-button-fe53c678\" class=\"wp-block-themeisle-blocks-button wp-block-button\"><a target=\"_self\" rel=\"noopener noreferrer\" class=\"wp-block-button__link\"><span>MORE DETAILS<\/span><\/a><\/div>\n<\/div>\n<\/div>\n\n\n\n<div id=\"wp-block-themeisle-blocks-advanced-column-a6d23ec3\" class=\"wp-block-themeisle-blocks-advanced-column\">\n<p id=\"wp-block-themeisle-blocks-font-awesome-icons-ffd026f0\" class=\"wp-block-themeisle-blocks-font-awesome-icons\"><span class=\"wp-block-themeisle-blocks-font-awesome-icons-container\"><i class=\"fas fa-child\"><\/i><\/span><\/p>\n\n\n\n<h3 id=\"wp-block-themeisle-blocks-advanced-heading-52cf2738\" class=\"wp-block-themeisle-blocks-advanced-heading wp-block-themeisle-blocks-advanced-heading-52cf2738\"> \u0111\u1ea5u gi\u00e1 quy\u1ec1n s\u1eed d\u1ee5ng \u0111\u1ea5t<\/h3>\n\n\n\n<p id=\"wp-block-themeisle-blocks-advanced-heading-72436a0d\" class=\"wp-block-themeisle-blocks-advanced-heading wp-block-themeisle-blocks-advanced-heading-72436a0d\">  <\/p>\n\n\n\n<div id=\"wp-block-themeisle-blocks-button-group-09a01d43\" class=\"wp-block-themeisle-blocks-button-group wp-block-buttons align-center\">\n<div id=\"wp-block-themeisle-blocks-button-d4b44347\" class=\"wp-block-themeisle-blocks-button wp-block-button\"><a target=\"_self\" rel=\"noopener noreferrer\" class=\"wp-block-button__link\"><span>MORE DETAILS<\/span><\/a><\/div>\n<\/div>\n<\/div>\n<\/div><\/div>\n","protected":false},"excerpt":{"rendered":"","protected":false},"author":1,"featured_media":0,"parent":0,"menu_order":0,"comment_status":"closed","ping_status":"closed","template":"page-templates\/template-pagebuilder-full-width.php","meta":{"neve_meta_sidebar":"full-width","neve_meta_container":"","neve_meta_enable_content_width":"on","neve_meta_content_width":100,"neve_meta_title_alignment":"","neve_meta_author_avatar":"","neve_post_elements_order":"","neve_meta_disable_header":"","neve_meta_disable_footer":"","neve_meta_disable_title":"","_themeisle_gutenberg_block_has_review":false,"_ti_tpc_template_sync":false,"_ti_tpc_template_id":"b729kzt2cv6wi2qj6svo","footnotes":""},"class_list":["post-79","page","type-page","status-publish","hentry"],"_links":{"self":[{"href":"https:\/\/daugiaquocthinh.com\/index.php?rest_route=\/wp\/v2\/pages\/79","targetHints":{"allow":["GET"]}}],"collection":[{"href":"https:\/\/daugiaquocthinh.com\/index.php?rest_route=\/wp\/v2\/pages"}],"about":[{"href":"https:\/\/daugiaquocthinh.com\/index.php?rest_route=\/wp\/v2\/types\/page"}],"author":[{"embeddable":true,"href":"https:\/\/daugiaquocthinh.com\/index.php?rest_route=\/wp\/v2\/users\/1"}],"replies":[{"embeddable":true,"href":"https:\/\/daugiaquocthinh.com\/index.php?rest_route=%2Fwp%2Fv2%2Fcomments&post=79"}],"version-history":[{"count":3,"href":"https:\/\/daugiaquocthinh.com\/index.php?rest_route=\/wp\/v2\/pages\/79\/revisions"}],"predecessor-version":[{"id":575,"href":"https:\/\/daugiaquocthinh.com\/index.php?rest_route=\/wp\/v2\/pages\/79\/revisions\/575"}],"wp:attachment":[{"href":"https:\/\/daugiaquocthinh.com\/index.php?rest_route=%2Fwp%2Fv2%2Fmedia&parent=79"}],"curies":[{"name":"wp","href":"https:\/\/api.w.org\/{rel}","templated":true}]}}