{"id":8,"date":"2022-04-07T07:47:21","date_gmt":"2022-04-07T07:47:21","guid":{"rendered":"https:\/\/daugiaquocthinh.com\/?page_id=8"},"modified":"2025-09-10T02:32:08","modified_gmt":"2025-09-10T02:32:08","slug":"contact","status":"publish","type":"page","link":"https:\/\/daugiaquocthinh.com\/?page_id=8","title":{"rendered":"Li\u00ean h\u1ec7"},"content":{"rendered":"\n<div class=\"wp-block-cover alignfull\" style=\"min-height:225px;aspect-ratio:unset;\"><span aria-hidden=\"true\" class=\"wp-block-cover__background has-nv-site-bg-background-color has-background-dim-100 has-background-dim\"><\/span><div class=\"wp-block-cover__inner-container is-layout-flow wp-block-cover-is-layout-flow\">\n<div class=\"wp-block-group\"><div class=\"wp-block-group__inner-container is-layout-flow wp-block-group-is-layout-flow\">\n<p class=\"has-nv-dark-bg-color has-text-color\">Doanh nghi\u1ec7p \u0111\u1ea5u gi\u00e1 t\u01b0 nh\u00e2n Qu\u1ed1c Th\u1ecbnh.<br>MST: 4101542373<br>\u0110\u1ecba ch\u1ec9: L\u00f4 20-6 \u0111\u01b0\u1eddng Nguy\u1ec5n B\u00ednh, khu \u0111\u00f4 th\u1ecb m\u1edbi An Ph\u00fa Th\u1ecbnh, ph\u01b0\u1eddng Quy Nh\u01a1n, t\u1ec9nh Gia Lai.<br>Email: quocthinhnguyen67@yahoo.com.vn<br>Sdt: 0905824457<\/p>\n<\/div><\/div>\n<\/div><\/div>\n\n\n\n<div class=\"wp-block-cover alignfull\" style=\"min-height:420px;aspect-ratio:unset;\"><span aria-hidden=\"true\" class=\"wp-block-cover__background has-nv-light-bg-background-color has-background-dim-100 has-background-dim\"><\/span><div class=\"wp-block-cover__inner-container is-layout-flow wp-block-cover-is-layout-flow\">\n<div style=\"height:80px\" aria-hidden=\"true\" class=\"wp-block-spacer\"><\/div>\n\n\n\n<div class=\"wp-block-columns is-layout-flex wp-container-core-columns-is-layout-9d6595d7 wp-block-columns-is-layout-flex\">\n<div class=\"wp-block-column is-layout-flow wp-block-column-is-layout-flow\">\n<div style=\"height:24px\" aria-hidden=\"true\" class=\"wp-block-spacer\"><\/div>\n\n\n<div class=\"wp-block-image icon-style is-style-rounded\">\n<figure class=\"aligncenter is-resized\"><img decoding=\"async\" src=\"https:\/\/daugiaquocthinh.com\/wp-content\/themes\/neve\/assets\/img\/starter-content\/icon-06.svg\" alt=\"\" style=\"width:48px;height:48px\"\/><\/figure>\n<\/div>\n\n\n<h3 class=\"wp-block-heading has-text-align-center has-neve-text-color-color has-text-color\">Email<\/h3>\n\n\n\n<p class=\"has-text-align-center has-neve-text-color-color has-text-color\" style=\"font-size:15px\">quocthinhnguyen67@yahoo.com.vn<\/p>\n\n\n\n<div style=\"height:24px\" aria-hidden=\"true\" class=\"wp-block-spacer\"><\/div>\n<\/div>\n\n\n\n<div class=\"wp-block-column is-layout-flow wp-block-column-is-layout-flow\">\n<div style=\"height:24px\" aria-hidden=\"true\" class=\"wp-block-spacer\"><\/div>\n\n\n<div class=\"wp-block-image icon-style is-style-rounded\">\n<figure class=\"aligncenter is-resized\"><img decoding=\"async\" src=\"https:\/\/daugiaquocthinh.com\/wp-content\/themes\/neve\/assets\/img\/starter-content\/icon-05.svg\" alt=\"\" style=\"width:48px;height:48px\"\/><\/figure>\n<\/div>\n\n\n<h3 class=\"wp-block-heading has-text-align-center has-neve-text-color-color has-text-color\">Call us<\/h3>\n\n\n\n<p class=\"has-text-align-center has-neve-text-color-color has-text-color\" style=\"font-size:15px\">0905824457<\/p>\n\n\n\n<div style=\"height:24px\" aria-hidden=\"true\" class=\"wp-block-spacer\"><\/div>\n<\/div>\n\n\n\n<div class=\"wp-block-column is-layout-flow wp-block-column-is-layout-flow\">\n<div style=\"height:24px\" aria-hidden=\"true\" class=\"wp-block-spacer\"><\/div>\n\n\n<div class=\"wp-block-image icon-style is-style-rounded\">\n<figure class=\"aligncenter is-resized\"><img decoding=\"async\" src=\"https:\/\/daugiaquocthinh.com\/wp-content\/themes\/neve\/assets\/img\/starter-content\/icon-04.svg\" alt=\"\" style=\"width:48px;height:48px\"\/><\/figure>\n<\/div>\n\n\n<h3 class=\"wp-block-heading has-text-align-center has-neve-text-color-color has-text-color\">Offices<\/h3>\n\n\n\n<p class=\"has-text-align-center has-neve-text-color-color has-text-color\" style=\"font-size:15px\">L\u00f4 20-6 Nguy\u1ec5n B\u00ednh, K\u0110T M\u1edbi An Ph\u00fa Th\u1ecbnh, P. \u0110\u1ed1ng \u0110a, Tp. Quy Nh\u01a1n, B\u00ecnh \u0110\u1ecbnh.<\/p>\n\n\n\n<div style=\"height:24px\" aria-hidden=\"true\" class=\"wp-block-spacer\"><\/div>\n<\/div>\n<\/div>\n\n\n\n<div style=\"height:30px\" aria-hidden=\"true\" class=\"wp-block-spacer\"><\/div>\n<\/div><\/div>\n\n\n\n<div class=\"wp-block-cover alignfull\" style=\"min-height:600px;aspect-ratio:unset;\"><span aria-hidden=\"true\" class=\"wp-block-cover__background has-nv-dark-bg-background-color has-background-dim-100 has-background-dim\"><\/span><div class=\"wp-block-cover__inner-container is-layout-flow wp-block-cover-is-layout-flow\">\n<div class=\"wp-block-group\"><div class=\"wp-block-group__inner-container is-layout-flow wp-block-group-is-layout-flow\">\n<div style=\"height:80px\" aria-hidden=\"true\" class=\"wp-block-spacer\"><\/div>\n\n\n\n<div class=\"wp-block-columns is-layout-flex wp-container-core-columns-is-layout-9d6595d7 wp-block-columns-is-layout-flex\">\n<div class=\"wp-block-column is-vertically-aligned-center is-layout-flow wp-block-column-is-layout-flow\" style=\"flex-basis:50%\">\n<h2 class=\"wp-block-heading has-nv-text-dark-bg-color has-text-color\">Vui l\u00f2ng g\u1eedi tin nh\u1eafn, g\u1ecdi \u0111i\u1ec7n ho\u1eb7c \u0111\u1ebfn v\u1edbi ch\u00fang t\u00f4i.<\/h2>\n\n\n\n<p class=\"has-white-color has-text-color\">L\u00f4 20-6 Nguy\u1ec5n B\u00ednh, K\u0110T M\u1edbi An Ph\u00fa Th\u1ecbnh, P. \u0110\u1ed1ng \u0110a, Tp. Quy Nh\u01a1n, B\u00ecnh \u0110\u1ecbnh.<\/p>\n<\/div>\n\n\n\n<div class=\"wp-block-column is-vertically-aligned-center is-layout-flow wp-block-column-is-layout-flow\" style=\"flex-basis:50%\">\n<figure class=\"wp-block-image size-large is-style-default\"><a href=\"https:\/\/www.google.com\/maps\/place\/Doanh+nghi%E1%BB%87p+%C4%91%E1%BA%A5u+gi%C3%A1+t%C6%B0+nh%C3%A2n+Qu%E1%BB%91c+Th%E1%BB%8Bnh\/@13.7979682,109.2180794,17.25z\/data=!4m5!3m4!1s0x316f6cc2a83c5af9:0x6ffb11aa692a0c21!8m2!3d13.7973156!4d109.219909\"><img loading=\"lazy\" decoding=\"async\" width=\"1024\" height=\"777\" src=\"https:\/\/daugiaquocthinh.com\/wp-content\/uploads\/2022\/04\/2022-04-07-15_01_34-Doanh-nghiep-dau-gia-tu-nhan-Quoc-Thinh-Google-Maps-and-10-more-pages-Person-1024x777.png\" alt=\"\" class=\"wp-image-34\" srcset=\"https:\/\/daugiaquocthinh.com\/wp-content\/uploads\/2022\/04\/2022-04-07-15_01_34-Doanh-nghiep-dau-gia-tu-nhan-Quoc-Thinh-Google-Maps-and-10-more-pages-Person-1024x777.png 1024w, https:\/\/daugiaquocthinh.com\/wp-content\/uploads\/2022\/04\/2022-04-07-15_01_34-Doanh-nghiep-dau-gia-tu-nhan-Quoc-Thinh-Google-Maps-and-10-more-pages-Person-300x228.png 300w, https:\/\/daugiaquocthinh.com\/wp-content\/uploads\/2022\/04\/2022-04-07-15_01_34-Doanh-nghiep-dau-gia-tu-nhan-Quoc-Thinh-Google-Maps-and-10-more-pages-Person-768x583.png 768w, https:\/\/daugiaquocthinh.com\/wp-content\/uploads\/2022\/04\/2022-04-07-15_01_34-Doanh-nghiep-dau-gia-tu-nhan-Quoc-Thinh-Google-Maps-and-10-more-pages-Person.png 1080w\" sizes=\"auto, (max-width: 1024px) 100vw, 1024px\" \/><\/a><\/figure>\n<\/div>\n<\/div>\n\n\n\n<div style=\"height:40px\" aria-hidden=\"true\" class=\"wp-block-spacer\"><\/div>\n<\/div><\/div>\n<\/div><\/div>\n","protected":false},"excerpt":{"rendered":"","protected":false},"author":1,"featured_media":0,"parent":0,"menu_order":0,"comment_status":"closed","ping_status":"closed","template":"","meta":{"neve_meta_sidebar":"","neve_meta_container":"","neve_meta_enable_content_width":"on","neve_meta_content_width":100,"neve_meta_title_alignment":"","neve_meta_author_avatar":"","neve_post_elements_order":"","neve_meta_disable_header":"","neve_meta_disable_footer":"","neve_meta_disable_title":"on","_themeisle_gutenberg_block_has_review":false,"_ti_tpc_template_sync":false,"_ti_tpc_template_id":"","footnotes":""},"class_list":["post-8","page","type-page","status-publish","hentry"],"_links":{"self":[{"href":"https:\/\/daugiaquocthinh.com\/index.php?rest_route=\/wp\/v2\/pages\/8","targetHints":{"allow":["GET"]}}],"collection":[{"href":"https:\/\/daugiaquocthinh.com\/index.php?rest_route=\/wp\/v2\/pages"}],"about":[{"href":"https:\/\/daugiaquocthinh.com\/index.php?rest_route=\/wp\/v2\/types\/page"}],"author":[{"embeddable":true,"href":"https:\/\/daugiaquocthinh.com\/index.php?rest_route=\/wp\/v2\/users\/1"}],"replies":[{"embeddable":true,"href":"https:\/\/daugiaquocthinh.com\/index.php?rest_route=%2Fwp%2Fv2%2Fcomments&post=8"}],"version-history":[{"count":4,"href":"https:\/\/daugiaquocthinh.com\/index.php?rest_route=\/wp\/v2\/pages\/8\/revisions"}],"predecessor-version":[{"id":574,"href":"https:\/\/daugiaquocthinh.com\/index.php?rest_route=\/wp\/v2\/pages\/8\/revisions\/574"}],"wp:attachment":[{"href":"https:\/\/daugiaquocthinh.com\/index.php?rest_route=%2Fwp%2Fv2%2Fmedia&parent=8"}],"curies":[{"name":"wp","href":"https:\/\/api.w.org\/{rel}","templated":true}]}}